{"id":649,"date":"2018-10-04T16:05:35","date_gmt":"2018-10-04T14:05:35","guid":{"rendered":"http:\/\/www2.diitet.cnr.it\/?page_id=649"},"modified":"2025-02-26T16:42:33","modified_gmt":"2025-02-26T15:42:33","slug":"il-diitet-in-numeri","status":"publish","type":"page","link":"https:\/\/www.diitet.cnr.it\/en\/il-diitet-in-numeri\/","title":{"rendered":"DIITET in Figures"},"content":{"rendered":"\t\t<div data-elementor-type=\"wp-post\" data-elementor-id=\"649\" class=\"elementor elementor-649\">\n\t\t\t\t\t\t<section class=\"elementor-section elementor-top-section elementor-element elementor-element-1087a89 elementor-section-boxed elementor-section-height-default elementor-section-height-default\" data-id=\"1087a89\" data-element_type=\"section\" data-e-type=\"section\">\n\t\t\t\t\t\t<div class=\"elementor-container elementor-column-gap-default\">\n\t\t\t\t\t<div class=\"elementor-column elementor-col-100 elementor-top-column elementor-element elementor-element-c9b9999\" data-id=\"c9b9999\" data-element_type=\"column\" data-e-type=\"column\">\n\t\t\t<div class=\"elementor-widget-wrap elementor-element-populated\">\n\t\t\t\t\t\t<div class=\"elementor-element elementor-element-58551a0 elementor-widget elementor-widget-html\" data-id=\"58551a0\" data-element_type=\"widget\" data-e-type=\"widget\" data-widget_type=\"html.default\">\n\t\t\t\t<div class=\"elementor-widget-container\">\n\t\t\t\t\t<div style=\"text-align:justify\">\n<p>Il <strong>Dipartimento di Ingegneria, ICT e Tecnologie per l\u2019Energia e i Trasporti (DIITET)<\/strong> \u00e8 oggi articolato in <strong>15 Istituti<\/strong>, con un totale complessivo di <strong>49 sedi<\/strong> (15 sedi principali e 34 sedi secondarie).<\/p>\n<p><i>Rappresentazione del DIITET \u2013 Istituti afferenti per sedi geografiche<\/i>\n<\/p>\n<p>\n<div id=\"footable_parent_2331\"\n         class=\" footable_parent ninja_table_wrapper loading_ninja_table wp_table_data_press_parent bootstrap3 \">\n                <table data-ninja_table_instance=\"ninja_table_instance_0\" data-footable_id=\"2331\" data-filter-delay=\"1000\" aria-label=\"Istituti_X_Sedi\"            id=\"footable_2331\"\n           data-unique_identifier=\"ninja_table_unique_id_2356414859_2331\"\n           class=\" foo-table ninja_footable foo_table_2331 ninja_table_unique_id_2356414859_2331 table  nt_type_ajax_table table-striped table-bordered table-hover vertical_centered  footable-paging-right\">\n                <colgroup>\n                            <col class=\"ninja_column_0 \">\n                            <col class=\"ninja_column_1 xs sm\">\n                            <col class=\"ninja_column_2 \">\n                            <col class=\"ninja_column_3 \">\n                    <\/colgroup>\n            <\/table>\n    \n    \n    \n<\/div>\n<\/p>\n<p>\n    Le sue competenze, vaste ed eterogenee, lo pongono al centro di settori scientifici e tecnologici nei quali andranno affrontati, nei prossimi anni, profondissimi mutamenti, nuove sfide e opportunit\u00e0. Per cogliere questa opportunit\u00e0, il Dipartimento punter\u00e0 innanzitutto al sostegno della grande progettualit\u00e0 attraverso la promozione della multidisciplinariet\u00e0, agendo in stretto rapporto con gli altri Dipartimenti del CNR, nonch\u00e9 al potenziamento delle connessioni tra le sue aree strategiche e progettuali, rappresentate nella seguente tabella di correlazione Area Strategica\/Area Progettuale\/Istituti partecipanti:\n<\/p>\n<p>\n    <i>L\u2019attuale matrice Aree Strategiche vs. Aree Progettuali, e Istituti partecipanti<\/i><\/p>\n<div id=\"footable_parent_2335\"\n         class=\" footable_parent ninja_table_wrapper loading_ninja_table wp_table_data_press_parent bootstrap3 \">\n                <table data-ninja_table_instance=\"ninja_table_instance_1\" data-footable_id=\"2335\" data-filter-delay=\"1000\" aria-label=\"ASvsAP&amp;Ist\"            id=\"footable_2335\"\n           data-unique_identifier=\"ninja_table_unique_id_268467192_2335\"\n           class=\" foo-table ninja_footable foo_table_2335 ninja_table_unique_id_268467192_2335 table  nt_type_ajax_table table-striped table-bordered table-hover vertical_centered  footable-paging-right\">\n                <colgroup>\n                            <col class=\"ninja_column_0 \">\n                            <col class=\"ninja_column_1 \">\n                            <col class=\"ninja_column_2 \">\n                            <col class=\"ninja_column_3 \">\n                            <col class=\"ninja_column_4 \">\n                            <col class=\"ninja_column_5 xs sm\">\n                    <\/colgroup>\n            <\/table>\n    \n    \n    \n<\/div>\n\n<p><sup>*<\/sup><i><font size=\"2\">Aree Strategiche: 1) Informatica, 2) Ingegneria dei Sistemi e delle Comunicazioni, 3) Ingegneria Industriale e Civile, 4) Matematica Applicata<\/font><\/i><\/p>\n<p>Per numero di ricercatori e tecnologi, il DIITET si posizione al vertice tra tutti e sette i dipartimenti. Le risorse umane operanti all\u2019interno delle sue strutture ammontano a <strong>1.720 unit\u00e0 di personale, in prevalenza ricercatori e tecnologi<\/strong> (1.092 UdP). Per conoscenza scientifica, massa critica, e disponibilit\u00e0 di infrastrutture, laboratori e attrezzature, nonch\u00e9 per la diffusa presenza di Istituti sul quasi tutto il territorio nazionale, il DIITET riesce spesso ad accreditarsi, nei settori di competenza, come fulcro tra il mondo delle imprese e le amministrazioni centrali e periferiche dello Stato, da un lato e il sistema pubblico della ricerca dall\u2019altro, inteso come insieme di Universit\u00e0 ed EPR.<\/p>\n    <p>\n        Il Dipartimento \u00e8 presente, in rappresentanza del CNR, in diversi soggetti giuridici e numerose iniziative nazionali e internazionali. In particolare, partecipa a:<\/p>\n<ul>\n<li><strong>1 societ\u00e0 per azioni<\/strong> dedicata alla ricerca e agli studi di ingegneria in campo navale e marittimo;\n<\/li>\n<li style=\"margin: 5px 0 0\"><strong>10 associazioni\/fondazioni<\/strong>, nazionali e internazionali, finalizzate ad attivit\u00e0 di innovazione a favore del tessuto industriale e delle pubbliche amministrazioni;<\/li>\n<li style=\"margin: 5px 0 0\"><strong>20<\/strong> partecipazioni in diversi <strong>consorzi<\/strong>, di varia natura giuridica, finalizzati all\u2019innovazione industriale relativamente alla macro aree del dipartimento: energia, trasporti, aero-spazio, ICT (incluso e-healt), matematica applicata, sistemi di produzione, costruzioni, materiali;<\/li>\n<li style=\"margin: 5px 0 0\"><strong>6 spin-off<\/strong> nel settore ICT;<\/li>\n<li style=\"margin: 5px 0 0\">tutti e 12 i <strong>Cluster Tecnologici Nazionali<\/strong>, con ruoli scientifici di rilevanza in particolare nei Cluster \u201cFabbrica Intelligente\u201d, \u201cEnergia\u201d, \u201cBlue Italian Growth\u201d, \u201cMade in Italy\u201d, \u201cAerospazio\u201d, e \u201cTrasporti Italia 2020\u201d.<\/li>\n<\/ul>\n<\/div>\n\t\t\t\t<\/div>\n\t\t\t\t<\/div>\n\t\t\t\t\t<\/div>\n\t\t<\/div>\n\t\t\t\t\t<\/div>\n\t\t<\/section>\n\t\t\t\t<\/div>\n\t\t","protected":false},"excerpt":{"rendered":"<p>N.B. This content has not yet been translated. What you\u2019re seeing is the content in the original language. Il Dipartimento di Ingegneria, ICT e Tecnologie per l\u2019Energia e i Trasporti (DIITET) \u00e8 oggi articolato in 15 Istituti, con un totale complessivo di 49 sedi (15 sedi principali e 34 sedi &hellip;<\/p>\n","protected":false},"author":1,"featured_media":0,"parent":0,"menu_order":0,"comment_status":"closed","ping_status":"closed","template":"","meta":{"footnotes":""},"class_list":["post-649","page","type-page","status-publish","hentry"],"yoast_head":"<!-- This site is optimized with the Yoast SEO plugin v27.3 - https:\/\/yoast.com\/product\/yoast-seo-wordpress\/ -->\n<title>DIITET in Figures - Engineering, ICT and Technologies for Energy and Transportation Department<\/title>\n<meta name=\"robots\" content=\"index, follow, max-snippet:-1, max-image-preview:large, max-video-preview:-1\" \/>\n<link rel=\"canonical\" href=\"https:\/\/www.diitet.cnr.it\/il-diitet-in-numeri\/\" \/>\n<meta property=\"og:locale\" content=\"en_US\" \/>\n<meta property=\"og:type\" content=\"article\" \/>\n<meta property=\"og:title\" content=\"DIITET in Figures - Engineering, ICT and Technologies for Energy and Transportation Department\" \/>\n<meta property=\"og:description\" content=\"N.B. This content has not yet been translated. What you\u2019re seeing is the content in the original language. Il Dipartimento di Ingegneria, ICT e Tecnologie per l\u2019Energia e i Trasporti (DIITET) \u00e8 oggi articolato in 15 Istituti, con un totale complessivo di 49 sedi (15 sedi principali e 34 sedi &hellip;\" \/>\n<meta property=\"og:url\" content=\"https:\/\/www.diitet.cnr.it\/il-diitet-in-numeri\/\" \/>\n<meta property=\"og:site_name\" content=\"Engineering, ICT and Technologies for Energy and Transportation Department\" \/>\n<meta property=\"article:publisher\" content=\"https:\/\/www.facebook.com\/CNR-Diitet-346662776118715\/\" \/>\n<meta property=\"article:modified_time\" content=\"2025-02-26T15:42:33+00:00\" \/>\n<meta name=\"twitter:card\" content=\"summary_large_image\" \/>\n<meta name=\"twitter:site\" content=\"@CNR_DIITET\" \/>\n<meta name=\"twitter:label1\" content=\"Est. reading time\" \/>\n\t<meta name=\"twitter:data1\" content=\"5 minutes\" \/>\n<script type=\"application\/ld+json\" class=\"yoast-schema-graph\">{\"@context\":\"https:\\\/\\\/schema.org\",\"@graph\":[{\"@type\":\"WebPage\",\"@id\":\"https:\\\/\\\/www.diitet.cnr.it\\\/il-diitet-in-numeri\\\/\",\"url\":\"https:\\\/\\\/www.diitet.cnr.it\\\/il-diitet-in-numeri\\\/\",\"name\":\"DIITET in Figures - Engineering, ICT and Technologies for Energy and Transportation Department\",\"isPartOf\":{\"@id\":\"https:\\\/\\\/www.diitet.cnr.it\\\/#website\"},\"datePublished\":\"2018-10-04T14:05:35+00:00\",\"dateModified\":\"2025-02-26T15:42:33+00:00\",\"breadcrumb\":{\"@id\":\"https:\\\/\\\/www.diitet.cnr.it\\\/il-diitet-in-numeri\\\/#breadcrumb\"},\"inLanguage\":\"en-US\",\"potentialAction\":[{\"@type\":\"ReadAction\",\"target\":[\"https:\\\/\\\/www.diitet.cnr.it\\\/il-diitet-in-numeri\\\/\"]}]},{\"@type\":\"BreadcrumbList\",\"@id\":\"https:\\\/\\\/www.diitet.cnr.it\\\/il-diitet-in-numeri\\\/#breadcrumb\",\"itemListElement\":[{\"@type\":\"ListItem\",\"position\":1,\"name\":\"Home\",\"item\":\"https:\\\/\\\/www.diitet.cnr.it\\\/\"},{\"@type\":\"ListItem\",\"position\":2,\"name\":\"[:it]Il DIITET in Numeri[:en]DIITET in Figures[:]\"}]},{\"@type\":\"WebSite\",\"@id\":\"https:\\\/\\\/www.diitet.cnr.it\\\/#website\",\"url\":\"https:\\\/\\\/www.diitet.cnr.it\\\/\",\"name\":\"Dipartimento di Ingegneria, ICT e Tecnologie per l'Energia e i Trasporti\",\"description\":\"\",\"publisher\":{\"@id\":\"https:\\\/\\\/www.diitet.cnr.it\\\/#organization\"},\"potentialAction\":[{\"@type\":\"SearchAction\",\"target\":{\"@type\":\"EntryPoint\",\"urlTemplate\":\"https:\\\/\\\/www.diitet.cnr.it\\\/?s={search_term_string}\"},\"query-input\":{\"@type\":\"PropertyValueSpecification\",\"valueRequired\":true,\"valueName\":\"search_term_string\"}}],\"inLanguage\":\"en-US\"},{\"@type\":\"Organization\",\"@id\":\"https:\\\/\\\/www.diitet.cnr.it\\\/#organization\",\"name\":\"Dipartimento di Ingegneria, ICT e Tecnologie per l'Energia e i Trasporti\",\"url\":\"https:\\\/\\\/www.diitet.cnr.it\\\/\",\"logo\":{\"@type\":\"ImageObject\",\"inLanguage\":\"en-US\",\"@id\":\"https:\\\/\\\/www.diitet.cnr.it\\\/#\\\/schema\\\/logo\\\/image\\\/\",\"url\":\"http:\\\/\\\/www.diitet.cnr.it\\\/wp-content\\\/uploads\\\/2018\\\/10\\\/logo2-low-png.png\",\"contentUrl\":\"http:\\\/\\\/www.diitet.cnr.it\\\/wp-content\\\/uploads\\\/2018\\\/10\\\/logo2-low-png.png\",\"width\":356,\"height\":141,\"caption\":\"Dipartimento di Ingegneria, ICT e Tecnologie per l'Energia e i Trasporti\"},\"image\":{\"@id\":\"https:\\\/\\\/www.diitet.cnr.it\\\/#\\\/schema\\\/logo\\\/image\\\/\"},\"sameAs\":[\"https:\\\/\\\/www.facebook.com\\\/CNR-Diitet-346662776118715\\\/\",\"https:\\\/\\\/x.com\\\/CNR_DIITET\",\"https:\\\/\\\/www.instagram.com\\\/cnr_diitet\\\/\",\"https:\\\/\\\/www.youtube.com\\\/results?search_query=diitet\"]}]}<\/script>\n<!-- \/ Yoast SEO plugin. -->","yoast_head_json":{"title":"DIITET in Figures - Engineering, ICT and Technologies for Energy and Transportation Department","robots":{"index":"index","follow":"follow","max-snippet":"max-snippet:-1","max-image-preview":"max-image-preview:large","max-video-preview":"max-video-preview:-1"},"canonical":"https:\/\/www.diitet.cnr.it\/il-diitet-in-numeri\/","og_locale":"en_US","og_type":"article","og_title":"DIITET in Figures - Engineering, ICT and Technologies for Energy and Transportation Department","og_description":"N.B. This content has not yet been translated. What you\u2019re seeing is the content in the original language. Il Dipartimento di Ingegneria, ICT e Tecnologie per l\u2019Energia e i Trasporti (DIITET) \u00e8 oggi articolato in 15 Istituti, con un totale complessivo di 49 sedi (15 sedi principali e 34 sedi &hellip;","og_url":"https:\/\/www.diitet.cnr.it\/il-diitet-in-numeri\/","og_site_name":"Engineering, ICT and Technologies for Energy and Transportation Department","article_publisher":"https:\/\/www.facebook.com\/CNR-Diitet-346662776118715\/","article_modified_time":"2025-02-26T15:42:33+00:00","twitter_card":"summary_large_image","twitter_site":"@CNR_DIITET","twitter_misc":{"Est. reading time":"5 minutes"},"schema":{"@context":"https:\/\/schema.org","@graph":[{"@type":"WebPage","@id":"https:\/\/www.diitet.cnr.it\/il-diitet-in-numeri\/","url":"https:\/\/www.diitet.cnr.it\/il-diitet-in-numeri\/","name":"DIITET in Figures - Engineering, ICT and Technologies for Energy and Transportation Department","isPartOf":{"@id":"https:\/\/www.diitet.cnr.it\/#website"},"datePublished":"2018-10-04T14:05:35+00:00","dateModified":"2025-02-26T15:42:33+00:00","breadcrumb":{"@id":"https:\/\/www.diitet.cnr.it\/il-diitet-in-numeri\/#breadcrumb"},"inLanguage":"en-US","potentialAction":[{"@type":"ReadAction","target":["https:\/\/www.diitet.cnr.it\/il-diitet-in-numeri\/"]}]},{"@type":"BreadcrumbList","@id":"https:\/\/www.diitet.cnr.it\/il-diitet-in-numeri\/#breadcrumb","itemListElement":[{"@type":"ListItem","position":1,"name":"Home","item":"https:\/\/www.diitet.cnr.it\/"},{"@type":"ListItem","position":2,"name":"[:it]Il DIITET in Numeri[:en]DIITET in Figures[:]"}]},{"@type":"WebSite","@id":"https:\/\/www.diitet.cnr.it\/#website","url":"https:\/\/www.diitet.cnr.it\/","name":"Dipartimento di Ingegneria, ICT e Tecnologie per l'Energia e i Trasporti","description":"","publisher":{"@id":"https:\/\/www.diitet.cnr.it\/#organization"},"potentialAction":[{"@type":"SearchAction","target":{"@type":"EntryPoint","urlTemplate":"https:\/\/www.diitet.cnr.it\/?s={search_term_string}"},"query-input":{"@type":"PropertyValueSpecification","valueRequired":true,"valueName":"search_term_string"}}],"inLanguage":"en-US"},{"@type":"Organization","@id":"https:\/\/www.diitet.cnr.it\/#organization","name":"Dipartimento di Ingegneria, ICT e Tecnologie per l'Energia e i Trasporti","url":"https:\/\/www.diitet.cnr.it\/","logo":{"@type":"ImageObject","inLanguage":"en-US","@id":"https:\/\/www.diitet.cnr.it\/#\/schema\/logo\/image\/","url":"http:\/\/www.diitet.cnr.it\/wp-content\/uploads\/2018\/10\/logo2-low-png.png","contentUrl":"http:\/\/www.diitet.cnr.it\/wp-content\/uploads\/2018\/10\/logo2-low-png.png","width":356,"height":141,"caption":"Dipartimento di Ingegneria, ICT e Tecnologie per l'Energia e i Trasporti"},"image":{"@id":"https:\/\/www.diitet.cnr.it\/#\/schema\/logo\/image\/"},"sameAs":["https:\/\/www.facebook.com\/CNR-Diitet-346662776118715\/","https:\/\/x.com\/CNR_DIITET","https:\/\/www.instagram.com\/cnr_diitet\/","https:\/\/www.youtube.com\/results?search_query=diitet"]}]}},"_links":{"self":[{"href":"https:\/\/www.diitet.cnr.it\/en\/wp-json\/wp\/v2\/pages\/649","targetHints":{"allow":["GET"]}}],"collection":[{"href":"https:\/\/www.diitet.cnr.it\/en\/wp-json\/wp\/v2\/pages"}],"about":[{"href":"https:\/\/www.diitet.cnr.it\/en\/wp-json\/wp\/v2\/types\/page"}],"author":[{"embeddable":true,"href":"https:\/\/www.diitet.cnr.it\/en\/wp-json\/wp\/v2\/users\/1"}],"replies":[{"embeddable":true,"href":"https:\/\/www.diitet.cnr.it\/en\/wp-json\/wp\/v2\/comments?post=649"}],"version-history":[{"count":55,"href":"https:\/\/www.diitet.cnr.it\/en\/wp-json\/wp\/v2\/pages\/649\/revisions"}],"predecessor-version":[{"id":10038,"href":"https:\/\/www.diitet.cnr.it\/en\/wp-json\/wp\/v2\/pages\/649\/revisions\/10038"}],"wp:attachment":[{"href":"https:\/\/www.diitet.cnr.it\/en\/wp-json\/wp\/v2\/media?parent=649"}],"curies":[{"name":"wp","href":"https:\/\/api.w.org\/{rel}","templated":true}]}}