{"id":609,"date":"2018-10-04T15:55:34","date_gmt":"2018-10-04T13:55:34","guid":{"rendered":"http:\/\/www2.diitet.cnr.it\/?page_id=609"},"modified":"2018-12-18T12:50:16","modified_gmt":"2018-12-18T11:50:16","slug":"infrastrutture","status":"publish","type":"page","link":"https:\/\/www.diitet.cnr.it\/en\/infrastrutture\/","title":{"rendered":"Infrastructures"},"content":{"rendered":"\t\t<div data-elementor-type=\"wp-post\" data-elementor-id=\"609\" class=\"elementor elementor-609 elementor-bc-flex-widget\">\n\t\t\t\t\t\t<section class=\"elementor-section elementor-top-section elementor-element elementor-element-8d0e982 elementor-section-boxed elementor-section-height-default elementor-section-height-default\" data-id=\"8d0e982\" data-element_type=\"section\" data-e-type=\"section\">\n\t\t\t\t\t\t<div class=\"elementor-container elementor-column-gap-default\">\n\t\t\t\t\t<div class=\"elementor-column elementor-col-100 elementor-top-column elementor-element elementor-element-92a4d8c\" data-id=\"92a4d8c\" data-element_type=\"column\" data-e-type=\"column\">\n\t\t\t<div class=\"elementor-widget-wrap elementor-element-populated\">\n\t\t\t\t\t\t<div class=\"elementor-element elementor-element-e6754be elementor-widget elementor-widget-html\" data-id=\"e6754be\" data-element_type=\"widget\" data-e-type=\"widget\" data-widget_type=\"html.default\">\n\t\t\t\t<div class=\"elementor-widget-container\">\n\t\t\t\t\t<p style=\"text-align:justify\">Alla strategia nazionale sulle infrastrutture di ricerca partecipa, per la parte di propria competenza, anche il <strong>DIITET<\/strong>. Numerose sono, infatti, le infrastrutture di ricerca sulle quali il DIITET \u00e8 impegnato, attraverso la partecipazione di Istituti di afferenza.<\/p>\n\t\t\t\t<\/div>\n\t\t\t\t<\/div>\n\t\t\t\t\t<\/div>\n\t\t<\/div>\n\t\t\t\t\t<\/div>\n\t\t<\/section>\n\t\t\t\t<section class=\"elementor-section elementor-top-section elementor-element elementor-element-fb9957e elementor-section-boxed elementor-section-height-default elementor-section-height-default\" data-id=\"fb9957e\" data-element_type=\"section\" data-e-type=\"section\">\n\t\t\t\t\t\t<div class=\"elementor-container elementor-column-gap-default\">\n\t\t\t\t\t<div class=\"elementor-column elementor-col-100 elementor-top-column elementor-element elementor-element-e518b29\" data-id=\"e518b29\" data-element_type=\"column\" data-e-type=\"column\">\n\t\t\t<div class=\"elementor-widget-wrap elementor-element-populated\">\n\t\t\t\t\t\t<div class=\"elementor-element elementor-element-f17a3c3 elementor-widget elementor-widget-html\" data-id=\"f17a3c3\" data-element_type=\"widget\" data-e-type=\"widget\" data-widget_type=\"html.default\">\n\t\t\t\t<div class=\"elementor-widget-container\">\n\t\t\t\t\t<p>\n    <i>Elenco Progetti (PON Infrastrutture) e Istituti DIITET coinvolti<\/i>\n<\/p>\n<div id=\"footable_parent_2324\"\n         class=\" footable_parent ninja_table_wrapper loading_ninja_table wp_table_data_press_parent bootstrap3 \">\n                <table data-ninja_table_instance=\"ninja_table_instance_0\" data-footable_id=\"2324\" data-filter-delay=\"1000\" aria-label=\"Infrastrutture\"            id=\"footable_2324\"\n           data-unique_identifier=\"ninja_table_unique_id_1283733310_2324\"\n           class=\" foo-table ninja_footable foo_table_2324 ninja_table_unique_id_1283733310_2324 table  nt_type_ajax_table table-striped table-bordered table-hover vertical_centered  footable-paging-right\">\n                <colgroup>\n                            <col class=\"ninja_column_0 \">\n                            <col class=\"ninja_column_1 \">\n                            <col class=\"ninja_column_2 xs sm\">\n                    <\/colgroup>\n            <\/table>\n    \n    \n    \n<\/div>\n\t\t\t\t<\/div>\n\t\t\t\t<\/div>\n\t\t\t\t\t<\/div>\n\t\t<\/div>\n\t\t\t\t\t<\/div>\n\t\t<\/section>\n\t\t\t\t<section class=\"elementor-section elementor-top-section elementor-element elementor-element-efa0121 elementor-section-boxed elementor-section-height-default elementor-section-height-default\" data-id=\"efa0121\" data-element_type=\"section\" data-e-type=\"section\">\n\t\t\t\t\t\t<div class=\"elementor-container elementor-column-gap-default\">\n\t\t\t\t\t<div class=\"elementor-column elementor-col-100 elementor-top-column elementor-element elementor-element-c573116\" data-id=\"c573116\" data-element_type=\"column\" data-e-type=\"column\">\n\t\t\t<div class=\"elementor-widget-wrap elementor-element-populated\">\n\t\t\t\t\t\t<div class=\"elementor-element elementor-element-f9b6e89 elementor-widget elementor-widget-html\" data-id=\"f9b6e89\" data-element_type=\"widget\" data-e-type=\"widget\" data-widget_type=\"html.default\">\n\t\t\t\t<div class=\"elementor-widget-container\">\n\t\t\t\t\t<div style=\"text-align:justify\">Di seguito vengono presentate ulteriori importanti infrastrutture che vedono impegnato il DIITET, in alcuni casi con attrezzature e strumentazione presso Istituti del DIITET, messi a disposizione della comunit\u00e0 scientifica internazionale.<br><br>\r\nIn particolare, si segnalano:<br><br>\r\n<ul>\r\n<li>L\u2019<strong>anagrafe dei domini Internet dell\u2019Italia<\/strong>, meglio conosciuto come <strong>\u201cRegistro.it\u201d<\/strong>, che ha sede a Pisa presso l\u2019Istituto di Informatica e Telematica. Oltre la normale attivit\u00e0, il prossimo anno l\u2019infrastruttura sar\u00e0 impegnata nell\u2019applicazione del nuovo protocollo di sicurezza dei server Dnssec (Domain Name System SECurity Extensions), in grado di garantire pi\u00f9 elevati standard di sicurezza e ridurre drasticamente la vulnerabilit\u00e0 in rete a determinati tipi di attacchi, nonch\u00e9 nella migrazione di tutti i nomi registrati dalle scuole da gov.it a edu.it.<\/li>\r\n<li style=\"margin: 5px 0 0\";>Il <strong>Consorzio RFX<\/strong>, uno dei laboratori di eccellenza a livello mondiale per ricerche sulla fusione termonucleare, di cui sono soci CNR-IGI, ENEA, INFN, Universit\u00e0 di Padova e Acciaierie Venete SpA. Il Consorzio RFX, con sede  a Padova, partecipa al progetto ITER (reattore sperimentale a fusione in costruzione in Francia), un progetto internazionale che consentir\u00e0 di provare in un unico sistema integrato i principali componenti del reattore a fusione per verificare la fattibilit\u00e0 scientifica e tecnologica della fusione come fonte di energia. All\u2019interno della Neutral Beam Test Facility (NBTF) di ITER, al gruppo di ricerca di Padova di CNR-IGI \u00e8 stata affidata la missione di progettare, sviluppare e ottimizzare i due prototipi (SPIDER e MITICA) del principale sistema di riscaldamento del plasma di ITER. Inaugurato a Giugno 2018, \u201cSPIDER\u201d (Source for Production of Ion of Deuterium Extracted from Rf plasma) \u00e8 il primo prototipo di ITER ad entrare in funzione. Il secondo prototipo \u201cMITICA\u201d (Megavolt ITER Injector & Concept Advancement) sar\u00e0 inaugurato nel 2022.<\/li>\r\n<li style=\"margin: 5px 0 0\";>I <strong>grandi impianti sperimentali dell\u2019INM<\/strong> per le tecnologie marine, tra i pi\u00f9 grandi al mondo. Si tratta di due bacini rettilinei e  di un grande canale di circolazione che consentono di effettuare prove sperimentali su modelli di grandi dimensioni. Inoltre, nel 2018, \u00e8 stato inaugurato sempre presso l\u2019INM il primo impianto al mondo per prove di impatto ad alta velocit\u00e0 (High Speed Ditching Facility), utilizzato per i test sperimentali di ammaraggio degli aerei. Realizzato nell\u2019ambito del progetto europeo FP7-Smart Aircraft in Emergency Situations (SMAES), l\u2019impianto \u00e8 stato ampliato nell\u2019ambito del progetto Increased SAfety & Robust certification for ditching of Aircraft and Helicopters (Sarah)del programma Horizon 2020.<\/li>\r\n<li style=\"margin: 5px 0 0\";>Da segnalare anche l\u2019infrastruttura elettronica <strong>\u201cD4Science-II\u201d (Data infrastructure ecosystem for science)<\/strong>, che ha ricevuto un finanziamento europeo pari a 4,3 milioni di euro. Guidato da ERCIM (Consorzio europeo di ricerca per l'informatica e la matematica), il coordinamento scientifico del progetto \u00e8 stato affidato a ricercatori dell\u2019ISTI di Pisa. Tra i partner del progetto figurano il CERN e l'Organizzazione delle Nazioni Unite per l'Alimentazione e l'Agricoltura (FAO). Il progetto ha come obiettivo la creazione di \"ambienti di ricerca virtuali\" per offrire servizi migliori agli scienziati senza costi elevati di sviluppo e manutenzione. Il progetto \u00e8 la continuazione dei progetti GEANT, EGEE (\"Enabling grids for e-science\"), DILIGENT (\"Digital library infrastructure on grid enabled technology\") e D4Science, messi a punto per la creazione di infrastrutture di rete elettroniche, datacentriche e basate su sistemi grid. D4Science-ll comprender\u00e0 le infrastrutture di repository GENESI-DR (Ground European Network for Earth Science Interoperations - Digital Repositories) e DRIVER (Digital Repository Infrastructure Vision for European Research).<\/li>\r\n<li style=\"margin: 5px 0 0\";>Nell\u2019ambito delle infrastrutture elettroniche che vedono impegnato il CNR, va menzionata anche <strong>\u201cSoBigData\u201d<\/strong>, coordinato dall\u2019Istituto di Scienza e Tecnologie dell'informazione (ISTI) di Pisa. SoBigData propone di creare l'ecosistema \u201cSocial Mining & Big Data\u201d, un'infrastruttura di ricerca che fornisce un ecosistema integrato per scoperte scientifiche sensibili all'etica e applicazioni avanzate di estrazione di dati sociali sulle varie dimensioni della vita sociale.<\/li>\r\n<\/ul>\r\n<\/div>\r\n\t\t\t\t<\/div>\n\t\t\t\t<\/div>\n\t\t\t\t\t<\/div>\n\t\t<\/div>\n\t\t\t\t\t<\/div>\n\t\t<\/section>\n\t\t\t\t<\/div>\n\t\t","protected":false},"excerpt":{"rendered":"<p>N.B. This content has not yet been translated. What you\u2019re seeing is the content in the original language. Alla strategia nazionale sulle infrastrutture di ricerca partecipa, per la parte di propria competenza, anche il DIITET. Numerose sono, infatti, le infrastrutture di ricerca sulle quali il DIITET \u00e8 impegnato, attraverso la &hellip;<\/p>\n","protected":false},"author":1,"featured_media":0,"parent":0,"menu_order":0,"comment_status":"closed","ping_status":"closed","template":"","meta":{"footnotes":""},"class_list":["post-609","page","type-page","status-publish","hentry"],"yoast_head":"<!-- This site is optimized with the Yoast SEO plugin v27.4 - https:\/\/yoast.com\/product\/yoast-seo-wordpress\/ -->\n<title>Infrastructures - Engineering, ICT and Technologies for Energy and Transportation Department<\/title>\n<meta name=\"robots\" content=\"index, follow, max-snippet:-1, max-image-preview:large, max-video-preview:-1\" \/>\n<link rel=\"canonical\" href=\"https:\/\/www.diitet.cnr.it\/infrastrutture\/\" \/>\n<meta property=\"og:locale\" content=\"en_US\" \/>\n<meta property=\"og:type\" content=\"article\" \/>\n<meta property=\"og:title\" content=\"Infrastructures - Engineering, ICT and Technologies for Energy and Transportation Department\" \/>\n<meta property=\"og:description\" content=\"N.B. This content has not yet been translated. What you\u2019re seeing is the content in the original language. Alla strategia nazionale sulle infrastrutture di ricerca partecipa, per la parte di propria competenza, anche il DIITET. Numerose sono, infatti, le infrastrutture di ricerca sulle quali il DIITET \u00e8 impegnato, attraverso la &hellip;\" \/>\n<meta property=\"og:url\" content=\"https:\/\/www.diitet.cnr.it\/infrastrutture\/\" \/>\n<meta property=\"og:site_name\" content=\"Engineering, ICT and Technologies for Energy and Transportation Department\" \/>\n<meta property=\"article:publisher\" content=\"https:\/\/www.facebook.com\/CNR-Diitet-346662776118715\/\" \/>\n<meta property=\"article:modified_time\" content=\"2018-12-18T11:50:16+00:00\" \/>\n<meta name=\"twitter:card\" content=\"summary_large_image\" \/>\n<meta name=\"twitter:site\" content=\"@CNR_DIITET\" \/>\n<meta name=\"twitter:label1\" content=\"Est. reading time\" \/>\n\t<meta name=\"twitter:data1\" content=\"3 minutes\" \/>\n<script type=\"application\/ld+json\" class=\"yoast-schema-graph\">{\"@context\":\"https:\\\/\\\/schema.org\",\"@graph\":[{\"@type\":\"WebPage\",\"@id\":\"https:\\\/\\\/www.diitet.cnr.it\\\/infrastrutture\\\/\",\"url\":\"https:\\\/\\\/www.diitet.cnr.it\\\/infrastrutture\\\/\",\"name\":\"Infrastructures - Engineering, ICT and Technologies for Energy and Transportation Department\",\"isPartOf\":{\"@id\":\"https:\\\/\\\/www.diitet.cnr.it\\\/#website\"},\"datePublished\":\"2018-10-04T13:55:34+00:00\",\"dateModified\":\"2018-12-18T11:50:16+00:00\",\"breadcrumb\":{\"@id\":\"https:\\\/\\\/www.diitet.cnr.it\\\/infrastrutture\\\/#breadcrumb\"},\"inLanguage\":\"en-US\",\"potentialAction\":[{\"@type\":\"ReadAction\",\"target\":[\"https:\\\/\\\/www.diitet.cnr.it\\\/infrastrutture\\\/\"]}]},{\"@type\":\"BreadcrumbList\",\"@id\":\"https:\\\/\\\/www.diitet.cnr.it\\\/infrastrutture\\\/#breadcrumb\",\"itemListElement\":[{\"@type\":\"ListItem\",\"position\":1,\"name\":\"Home\",\"item\":\"https:\\\/\\\/www.diitet.cnr.it\\\/\"},{\"@type\":\"ListItem\",\"position\":2,\"name\":\"Infrastrutture\"}]},{\"@type\":\"WebSite\",\"@id\":\"https:\\\/\\\/www.diitet.cnr.it\\\/#website\",\"url\":\"https:\\\/\\\/www.diitet.cnr.it\\\/\",\"name\":\"Dipartimento di Ingegneria, ICT e Tecnologie per l'Energia e i Trasporti\",\"description\":\"\",\"publisher\":{\"@id\":\"https:\\\/\\\/www.diitet.cnr.it\\\/#organization\"},\"potentialAction\":[{\"@type\":\"SearchAction\",\"target\":{\"@type\":\"EntryPoint\",\"urlTemplate\":\"https:\\\/\\\/www.diitet.cnr.it\\\/?s={search_term_string}\"},\"query-input\":{\"@type\":\"PropertyValueSpecification\",\"valueRequired\":true,\"valueName\":\"search_term_string\"}}],\"inLanguage\":\"en-US\"},{\"@type\":\"Organization\",\"@id\":\"https:\\\/\\\/www.diitet.cnr.it\\\/#organization\",\"name\":\"Dipartimento di Ingegneria, ICT e Tecnologie per l'Energia e i Trasporti\",\"url\":\"https:\\\/\\\/www.diitet.cnr.it\\\/\",\"logo\":{\"@type\":\"ImageObject\",\"inLanguage\":\"en-US\",\"@id\":\"https:\\\/\\\/www.diitet.cnr.it\\\/#\\\/schema\\\/logo\\\/image\\\/\",\"url\":\"http:\\\/\\\/www.diitet.cnr.it\\\/wp-content\\\/uploads\\\/2018\\\/10\\\/logo2-low-png.png\",\"contentUrl\":\"http:\\\/\\\/www.diitet.cnr.it\\\/wp-content\\\/uploads\\\/2018\\\/10\\\/logo2-low-png.png\",\"width\":356,\"height\":141,\"caption\":\"Dipartimento di Ingegneria, ICT e Tecnologie per l'Energia e i Trasporti\"},\"image\":{\"@id\":\"https:\\\/\\\/www.diitet.cnr.it\\\/#\\\/schema\\\/logo\\\/image\\\/\"},\"sameAs\":[\"https:\\\/\\\/www.facebook.com\\\/CNR-Diitet-346662776118715\\\/\",\"https:\\\/\\\/x.com\\\/CNR_DIITET\",\"https:\\\/\\\/www.instagram.com\\\/cnr_diitet\\\/\",\"https:\\\/\\\/www.youtube.com\\\/results?search_query=diitet\"]}]}<\/script>\n<!-- \/ Yoast SEO plugin. -->","yoast_head_json":{"title":"Infrastructures - Engineering, ICT and Technologies for Energy and Transportation Department","robots":{"index":"index","follow":"follow","max-snippet":"max-snippet:-1","max-image-preview":"max-image-preview:large","max-video-preview":"max-video-preview:-1"},"canonical":"https:\/\/www.diitet.cnr.it\/infrastrutture\/","og_locale":"en_US","og_type":"article","og_title":"Infrastructures - Engineering, ICT and Technologies for Energy and Transportation Department","og_description":"N.B. This content has not yet been translated. What you\u2019re seeing is the content in the original language. Alla strategia nazionale sulle infrastrutture di ricerca partecipa, per la parte di propria competenza, anche il DIITET. Numerose sono, infatti, le infrastrutture di ricerca sulle quali il DIITET \u00e8 impegnato, attraverso la &hellip;","og_url":"https:\/\/www.diitet.cnr.it\/infrastrutture\/","og_site_name":"Engineering, ICT and Technologies for Energy and Transportation Department","article_publisher":"https:\/\/www.facebook.com\/CNR-Diitet-346662776118715\/","article_modified_time":"2018-12-18T11:50:16+00:00","twitter_card":"summary_large_image","twitter_site":"@CNR_DIITET","twitter_misc":{"Est. reading time":"3 minutes"},"schema":{"@context":"https:\/\/schema.org","@graph":[{"@type":"WebPage","@id":"https:\/\/www.diitet.cnr.it\/infrastrutture\/","url":"https:\/\/www.diitet.cnr.it\/infrastrutture\/","name":"Infrastructures - Engineering, ICT and Technologies for Energy and Transportation Department","isPartOf":{"@id":"https:\/\/www.diitet.cnr.it\/#website"},"datePublished":"2018-10-04T13:55:34+00:00","dateModified":"2018-12-18T11:50:16+00:00","breadcrumb":{"@id":"https:\/\/www.diitet.cnr.it\/infrastrutture\/#breadcrumb"},"inLanguage":"en-US","potentialAction":[{"@type":"ReadAction","target":["https:\/\/www.diitet.cnr.it\/infrastrutture\/"]}]},{"@type":"BreadcrumbList","@id":"https:\/\/www.diitet.cnr.it\/infrastrutture\/#breadcrumb","itemListElement":[{"@type":"ListItem","position":1,"name":"Home","item":"https:\/\/www.diitet.cnr.it\/"},{"@type":"ListItem","position":2,"name":"Infrastrutture"}]},{"@type":"WebSite","@id":"https:\/\/www.diitet.cnr.it\/#website","url":"https:\/\/www.diitet.cnr.it\/","name":"Dipartimento di Ingegneria, ICT e Tecnologie per l'Energia e i Trasporti","description":"","publisher":{"@id":"https:\/\/www.diitet.cnr.it\/#organization"},"potentialAction":[{"@type":"SearchAction","target":{"@type":"EntryPoint","urlTemplate":"https:\/\/www.diitet.cnr.it\/?s={search_term_string}"},"query-input":{"@type":"PropertyValueSpecification","valueRequired":true,"valueName":"search_term_string"}}],"inLanguage":"en-US"},{"@type":"Organization","@id":"https:\/\/www.diitet.cnr.it\/#organization","name":"Dipartimento di Ingegneria, ICT e Tecnologie per l'Energia e i Trasporti","url":"https:\/\/www.diitet.cnr.it\/","logo":{"@type":"ImageObject","inLanguage":"en-US","@id":"https:\/\/www.diitet.cnr.it\/#\/schema\/logo\/image\/","url":"http:\/\/www.diitet.cnr.it\/wp-content\/uploads\/2018\/10\/logo2-low-png.png","contentUrl":"http:\/\/www.diitet.cnr.it\/wp-content\/uploads\/2018\/10\/logo2-low-png.png","width":356,"height":141,"caption":"Dipartimento di Ingegneria, ICT e Tecnologie per l'Energia e i Trasporti"},"image":{"@id":"https:\/\/www.diitet.cnr.it\/#\/schema\/logo\/image\/"},"sameAs":["https:\/\/www.facebook.com\/CNR-Diitet-346662776118715\/","https:\/\/x.com\/CNR_DIITET","https:\/\/www.instagram.com\/cnr_diitet\/","https:\/\/www.youtube.com\/results?search_query=diitet"]}]}},"_links":{"self":[{"href":"https:\/\/www.diitet.cnr.it\/en\/wp-json\/wp\/v2\/pages\/609","targetHints":{"allow":["GET"]}}],"collection":[{"href":"https:\/\/www.diitet.cnr.it\/en\/wp-json\/wp\/v2\/pages"}],"about":[{"href":"https:\/\/www.diitet.cnr.it\/en\/wp-json\/wp\/v2\/types\/page"}],"author":[{"embeddable":true,"href":"https:\/\/www.diitet.cnr.it\/en\/wp-json\/wp\/v2\/users\/1"}],"replies":[{"embeddable":true,"href":"https:\/\/www.diitet.cnr.it\/en\/wp-json\/wp\/v2\/comments?post=609"}],"version-history":[{"count":15,"href":"https:\/\/www.diitet.cnr.it\/en\/wp-json\/wp\/v2\/pages\/609\/revisions"}],"predecessor-version":[{"id":3419,"href":"https:\/\/www.diitet.cnr.it\/en\/wp-json\/wp\/v2\/pages\/609\/revisions\/3419"}],"wp:attachment":[{"href":"https:\/\/www.diitet.cnr.it\/en\/wp-json\/wp\/v2\/media?parent=609"}],"curies":[{"name":"wp","href":"https:\/\/api.w.org\/{rel}","templated":true}]}}