{"id":607,"date":"2018-10-04T15:55:08","date_gmt":"2018-10-04T13:55:08","guid":{"rendered":"http:\/\/www2.diitet.cnr.it\/?page_id=607"},"modified":"2023-12-18T12:12:11","modified_gmt":"2023-12-18T11:12:11","slug":"consiglio-scientifico","status":"publish","type":"page","link":"https:\/\/www.diitet.cnr.it\/en\/consiglio-scientifico\/","title":{"rendered":"Scientific Council"},"content":{"rendered":"\t\t<div data-elementor-type=\"wp-post\" data-elementor-id=\"607\" class=\"elementor elementor-607\">\n\t\t\t\t\t\t<section class=\"elementor-section elementor-top-section elementor-element elementor-element-d47b3cc elementor-section-boxed elementor-section-height-default elementor-section-height-default\" data-id=\"d47b3cc\" data-element_type=\"section\" data-e-type=\"section\">\n\t\t\t\t\t\t<div class=\"elementor-container elementor-column-gap-default\">\n\t\t\t\t\t<div class=\"elementor-column elementor-col-100 elementor-top-column elementor-element elementor-element-6d35f1c\" data-id=\"6d35f1c\" data-element_type=\"column\" data-e-type=\"column\">\n\t\t\t<div class=\"elementor-widget-wrap elementor-element-populated\">\n\t\t\t\t\t\t<div class=\"elementor-element elementor-element-7ddde24 elementor-widget elementor-widget-html\" data-id=\"7ddde24\" data-element_type=\"widget\" data-e-type=\"widget\" data-widget_type=\"html.default\">\n\t\t\t\t<div class=\"elementor-widget-container\">\n\t\t\t\t\t<div style=\"text-align:justify\"><p><strong>Ruolo e Composizione del Consiglio Scientifico di Dipartimento<\/strong>\n<\/p>\n<p>Il Consiglio Scientifico di Dipartimento \u00e8 regolato dall\u2019articolo 12, commi 8-11, dello Statuto CNR<\/p>\n<p style=\"text-align:center\">\n    STATUTO DEL CONSIGLIO NAZIONALE DELLE RICERCHE<br>\n    Articolo 12\n<\/p>\n<p style=\"text-align:center\">...omissis...<\/p>\n<p>8. Presso ciascun dipartimento \u00e8 costituito un consiglio scientifico di dipartimento, convocato e presieduto dal direttore del dipartimento che ne determina l\u2019ordine del giorno. Il direttore di dipartimento non partecipa alle votazioni del consiglio scientifico. Il consiglio scientifico di dipartimento esprime parere obbligatorio sugli elementi di competenza del piano triennale di attivit\u00e0 del dipartimento e degli istituti ad esso afferenti, sulle risorse ad essi affidate in base alla lettera i) del comma 4 e sulla verifica dei risultati dell'attivit\u00e0 di ricerca svolta in attuazione dei programmi.<\/p>\n<p>9. Il consiglio scientifico di dipartimento \u00e8 composto da cinque componenti scelti tra scienziati, italiani e stranieri, di comprovata esperienza e professionalit\u00e0 appartenenti alla comunit\u00e0 scientifica ed economica di riferimento. Due componenti sono individuati con procedure elettive nell\u2019ambito dei ricercatori e tecnologi in servizio presso gli istituti afferenti. Le modalit\u00e0, le procedure di nomina ed eventuali ulteriori disposizioni applicative sono stabilite dal regolamento di organizzazione e funzionamento.<\/p>\n<p>10. Il consiglio scientifico di dipartimento \u00e8 nominato dal presidente.<\/p>\n<p>\n11. La partecipazione al consiglio scientifico di dipartimento \u00e8 onorifica, essa pu\u00f2 dar luogo esclusivamente al rimborso delle spese sostenute e documentate secondo le modalit\u00e0 indicate dalla normativa vigente.<\/p>\n<p><strong>Composizione del Consiglio Scientifico di Dipartimento<\/strong><\/p>\n<p>\n    <ul>\n        <li>Riva Sanseverino Eleonora \u2013 Professoressa ordinaria presso l\u2019Universit\u00e0 di Palermo<\/li>\n        <li>Ferragina Paolo \u2013 Professore ordinario presso l\u2019Universit\u00e0 di Pisa<\/li>\n        <li>Marcati Pierangelo \u2013 Professore presso Gran Sasso Science Institute<\/li>\n    <\/ul>\n<\/p>\n\n<p><strong>Componente elettiva<\/strong><\/p>\n<p>\n    <ul>\n         <li>Falchi Fabrizio \u2013 I Ricercatore dell\u2019Istituto di Scienza e Tecnologie dell\u2019Informazione (ISTI) - Pisa \n        <\/li>\n        <li>Crocco Lorenzo \u2013 Dirigente di Ricerca dell\u2019Istituto per il Rilevamento Elettromagnetico dell\u2019Ambiente (IREA) - Napoli \n        <\/li>\n    <\/ul>\n<\/p>\n<p>\n     <a href=\"..\/wp-content\/uploads\/2019\/07\/Provvedimento_108-2019.pdf\" target=\"_blank\" rel=\"noopener noreferrer\">Decreto di Nomina del Presidente<\/a>\n<\/p>\n<\/div>\n\t\t\t\t<\/div>\n\t\t\t\t<\/div>\n\t\t\t\t\t<\/div>\n\t\t<\/div>\n\t\t\t\t\t<\/div>\n\t\t<\/section>\n\t\t\t\t<\/div>\n\t\t","protected":false},"excerpt":{"rendered":"<p>N.B. This content has not yet been translated. What you\u2019re seeing is the content in the original language. Ruolo e Composizione del Consiglio Scientifico di Dipartimento Il Consiglio Scientifico di Dipartimento \u00e8 regolato dall\u2019articolo 12, commi 8-11, dello Statuto CNR STATUTO DEL CONSIGLIO NAZIONALE DELLE RICERCHE Articolo 12 &#8230;omissis&#8230; 8. &hellip;<\/p>\n","protected":false},"author":1,"featured_media":0,"parent":0,"menu_order":0,"comment_status":"closed","ping_status":"closed","template":"","meta":{"footnotes":""},"class_list":["post-607","page","type-page","status-publish","hentry"],"yoast_head":"<!-- This site is optimized with the Yoast SEO plugin v27.3 - https:\/\/yoast.com\/product\/yoast-seo-wordpress\/ -->\n<title>Scientific Council - Engineering, ICT and Technologies for Energy and Transportation Department<\/title>\n<meta name=\"robots\" content=\"index, follow, max-snippet:-1, max-image-preview:large, max-video-preview:-1\" \/>\n<link rel=\"canonical\" href=\"https:\/\/www.diitet.cnr.it\/consiglio-scientifico\/\" \/>\n<meta property=\"og:locale\" content=\"en_US\" \/>\n<meta property=\"og:type\" content=\"article\" \/>\n<meta property=\"og:title\" content=\"Scientific Council - Engineering, ICT and Technologies for Energy and Transportation Department\" \/>\n<meta property=\"og:description\" content=\"N.B. This content has not yet been translated. What you\u2019re seeing is the content in the original language. Ruolo e Composizione del Consiglio Scientifico di Dipartimento Il Consiglio Scientifico di Dipartimento \u00e8 regolato dall\u2019articolo 12, commi 8-11, dello Statuto CNR STATUTO DEL CONSIGLIO NAZIONALE DELLE RICERCHE Articolo 12 &#8230;omissis&#8230; 8. &hellip;\" \/>\n<meta property=\"og:url\" content=\"https:\/\/www.diitet.cnr.it\/consiglio-scientifico\/\" \/>\n<meta property=\"og:site_name\" content=\"Engineering, ICT and Technologies for Energy and Transportation Department\" \/>\n<meta property=\"article:publisher\" content=\"https:\/\/www.facebook.com\/CNR-Diitet-346662776118715\/\" \/>\n<meta property=\"article:modified_time\" content=\"2023-12-18T11:12:11+00:00\" \/>\n<meta name=\"twitter:card\" content=\"summary_large_image\" \/>\n<meta name=\"twitter:site\" content=\"@CNR_DIITET\" \/>\n<meta name=\"twitter:label1\" content=\"Est. reading time\" \/>\n\t<meta name=\"twitter:data1\" content=\"4 minutes\" \/>\n<script type=\"application\/ld+json\" class=\"yoast-schema-graph\">{\"@context\":\"https:\\\/\\\/schema.org\",\"@graph\":[{\"@type\":\"WebPage\",\"@id\":\"https:\\\/\\\/www.diitet.cnr.it\\\/consiglio-scientifico\\\/\",\"url\":\"https:\\\/\\\/www.diitet.cnr.it\\\/consiglio-scientifico\\\/\",\"name\":\"Scientific Council - Engineering, ICT and Technologies for Energy and Transportation Department\",\"isPartOf\":{\"@id\":\"https:\\\/\\\/www.diitet.cnr.it\\\/#website\"},\"datePublished\":\"2018-10-04T13:55:08+00:00\",\"dateModified\":\"2023-12-18T11:12:11+00:00\",\"breadcrumb\":{\"@id\":\"https:\\\/\\\/www.diitet.cnr.it\\\/consiglio-scientifico\\\/#breadcrumb\"},\"inLanguage\":\"en-US\",\"potentialAction\":[{\"@type\":\"ReadAction\",\"target\":[\"https:\\\/\\\/www.diitet.cnr.it\\\/consiglio-scientifico\\\/\"]}]},{\"@type\":\"BreadcrumbList\",\"@id\":\"https:\\\/\\\/www.diitet.cnr.it\\\/consiglio-scientifico\\\/#breadcrumb\",\"itemListElement\":[{\"@type\":\"ListItem\",\"position\":1,\"name\":\"Home\",\"item\":\"https:\\\/\\\/www.diitet.cnr.it\\\/\"},{\"@type\":\"ListItem\",\"position\":2,\"name\":\"Consiglio Scientifico\"}]},{\"@type\":\"WebSite\",\"@id\":\"https:\\\/\\\/www.diitet.cnr.it\\\/#website\",\"url\":\"https:\\\/\\\/www.diitet.cnr.it\\\/\",\"name\":\"Dipartimento di Ingegneria, ICT e Tecnologie per l'Energia e i Trasporti\",\"description\":\"\",\"publisher\":{\"@id\":\"https:\\\/\\\/www.diitet.cnr.it\\\/#organization\"},\"potentialAction\":[{\"@type\":\"SearchAction\",\"target\":{\"@type\":\"EntryPoint\",\"urlTemplate\":\"https:\\\/\\\/www.diitet.cnr.it\\\/?s={search_term_string}\"},\"query-input\":{\"@type\":\"PropertyValueSpecification\",\"valueRequired\":true,\"valueName\":\"search_term_string\"}}],\"inLanguage\":\"en-US\"},{\"@type\":\"Organization\",\"@id\":\"https:\\\/\\\/www.diitet.cnr.it\\\/#organization\",\"name\":\"Dipartimento di Ingegneria, ICT e Tecnologie per l'Energia e i Trasporti\",\"url\":\"https:\\\/\\\/www.diitet.cnr.it\\\/\",\"logo\":{\"@type\":\"ImageObject\",\"inLanguage\":\"en-US\",\"@id\":\"https:\\\/\\\/www.diitet.cnr.it\\\/#\\\/schema\\\/logo\\\/image\\\/\",\"url\":\"http:\\\/\\\/www.diitet.cnr.it\\\/wp-content\\\/uploads\\\/2018\\\/10\\\/logo2-low-png.png\",\"contentUrl\":\"http:\\\/\\\/www.diitet.cnr.it\\\/wp-content\\\/uploads\\\/2018\\\/10\\\/logo2-low-png.png\",\"width\":356,\"height\":141,\"caption\":\"Dipartimento di Ingegneria, ICT e Tecnologie per l'Energia e i Trasporti\"},\"image\":{\"@id\":\"https:\\\/\\\/www.diitet.cnr.it\\\/#\\\/schema\\\/logo\\\/image\\\/\"},\"sameAs\":[\"https:\\\/\\\/www.facebook.com\\\/CNR-Diitet-346662776118715\\\/\",\"https:\\\/\\\/x.com\\\/CNR_DIITET\",\"https:\\\/\\\/www.instagram.com\\\/cnr_diitet\\\/\",\"https:\\\/\\\/www.youtube.com\\\/results?search_query=diitet\"]}]}<\/script>\n<!-- \/ Yoast SEO plugin. -->","yoast_head_json":{"title":"Scientific Council - Engineering, ICT and Technologies for Energy and Transportation Department","robots":{"index":"index","follow":"follow","max-snippet":"max-snippet:-1","max-image-preview":"max-image-preview:large","max-video-preview":"max-video-preview:-1"},"canonical":"https:\/\/www.diitet.cnr.it\/consiglio-scientifico\/","og_locale":"en_US","og_type":"article","og_title":"Scientific Council - Engineering, ICT and Technologies for Energy and Transportation Department","og_description":"N.B. This content has not yet been translated. What you\u2019re seeing is the content in the original language. Ruolo e Composizione del Consiglio Scientifico di Dipartimento Il Consiglio Scientifico di Dipartimento \u00e8 regolato dall\u2019articolo 12, commi 8-11, dello Statuto CNR STATUTO DEL CONSIGLIO NAZIONALE DELLE RICERCHE Articolo 12 &#8230;omissis&#8230; 8. &hellip;","og_url":"https:\/\/www.diitet.cnr.it\/consiglio-scientifico\/","og_site_name":"Engineering, ICT and Technologies for Energy and Transportation Department","article_publisher":"https:\/\/www.facebook.com\/CNR-Diitet-346662776118715\/","article_modified_time":"2023-12-18T11:12:11+00:00","twitter_card":"summary_large_image","twitter_site":"@CNR_DIITET","twitter_misc":{"Est. reading time":"4 minutes"},"schema":{"@context":"https:\/\/schema.org","@graph":[{"@type":"WebPage","@id":"https:\/\/www.diitet.cnr.it\/consiglio-scientifico\/","url":"https:\/\/www.diitet.cnr.it\/consiglio-scientifico\/","name":"Scientific Council - Engineering, ICT and Technologies for Energy and Transportation Department","isPartOf":{"@id":"https:\/\/www.diitet.cnr.it\/#website"},"datePublished":"2018-10-04T13:55:08+00:00","dateModified":"2023-12-18T11:12:11+00:00","breadcrumb":{"@id":"https:\/\/www.diitet.cnr.it\/consiglio-scientifico\/#breadcrumb"},"inLanguage":"en-US","potentialAction":[{"@type":"ReadAction","target":["https:\/\/www.diitet.cnr.it\/consiglio-scientifico\/"]}]},{"@type":"BreadcrumbList","@id":"https:\/\/www.diitet.cnr.it\/consiglio-scientifico\/#breadcrumb","itemListElement":[{"@type":"ListItem","position":1,"name":"Home","item":"https:\/\/www.diitet.cnr.it\/"},{"@type":"ListItem","position":2,"name":"Consiglio Scientifico"}]},{"@type":"WebSite","@id":"https:\/\/www.diitet.cnr.it\/#website","url":"https:\/\/www.diitet.cnr.it\/","name":"Dipartimento di Ingegneria, ICT e Tecnologie per l'Energia e i Trasporti","description":"","publisher":{"@id":"https:\/\/www.diitet.cnr.it\/#organization"},"potentialAction":[{"@type":"SearchAction","target":{"@type":"EntryPoint","urlTemplate":"https:\/\/www.diitet.cnr.it\/?s={search_term_string}"},"query-input":{"@type":"PropertyValueSpecification","valueRequired":true,"valueName":"search_term_string"}}],"inLanguage":"en-US"},{"@type":"Organization","@id":"https:\/\/www.diitet.cnr.it\/#organization","name":"Dipartimento di Ingegneria, ICT e Tecnologie per l'Energia e i Trasporti","url":"https:\/\/www.diitet.cnr.it\/","logo":{"@type":"ImageObject","inLanguage":"en-US","@id":"https:\/\/www.diitet.cnr.it\/#\/schema\/logo\/image\/","url":"http:\/\/www.diitet.cnr.it\/wp-content\/uploads\/2018\/10\/logo2-low-png.png","contentUrl":"http:\/\/www.diitet.cnr.it\/wp-content\/uploads\/2018\/10\/logo2-low-png.png","width":356,"height":141,"caption":"Dipartimento di Ingegneria, ICT e Tecnologie per l'Energia e i Trasporti"},"image":{"@id":"https:\/\/www.diitet.cnr.it\/#\/schema\/logo\/image\/"},"sameAs":["https:\/\/www.facebook.com\/CNR-Diitet-346662776118715\/","https:\/\/x.com\/CNR_DIITET","https:\/\/www.instagram.com\/cnr_diitet\/","https:\/\/www.youtube.com\/results?search_query=diitet"]}]}},"_links":{"self":[{"href":"https:\/\/www.diitet.cnr.it\/en\/wp-json\/wp\/v2\/pages\/607","targetHints":{"allow":["GET"]}}],"collection":[{"href":"https:\/\/www.diitet.cnr.it\/en\/wp-json\/wp\/v2\/pages"}],"about":[{"href":"https:\/\/www.diitet.cnr.it\/en\/wp-json\/wp\/v2\/types\/page"}],"author":[{"embeddable":true,"href":"https:\/\/www.diitet.cnr.it\/en\/wp-json\/wp\/v2\/users\/1"}],"replies":[{"embeddable":true,"href":"https:\/\/www.diitet.cnr.it\/en\/wp-json\/wp\/v2\/comments?post=607"}],"version-history":[{"count":23,"href":"https:\/\/www.diitet.cnr.it\/en\/wp-json\/wp\/v2\/pages\/607\/revisions"}],"predecessor-version":[{"id":9068,"href":"https:\/\/www.diitet.cnr.it\/en\/wp-json\/wp\/v2\/pages\/607\/revisions\/9068"}],"wp:attachment":[{"href":"https:\/\/www.diitet.cnr.it\/en\/wp-json\/wp\/v2\/media?parent=607"}],"curies":[{"name":"wp","href":"https:\/\/api.w.org\/{rel}","templated":true}]}}