{"id":1762,"date":"2018-10-31T12:22:18","date_gmt":"2018-10-31T11:22:18","guid":{"rendered":"http:\/\/www2.diitet.cnr.it\/?page_id=1762"},"modified":"2018-12-20T16:07:38","modified_gmt":"2018-12-20T15:07:38","slug":"privacy-e-cookie-policy","status":"publish","type":"page","link":"https:\/\/www.diitet.cnr.it\/en\/privacy-e-cookie-policy\/","title":{"rendered":"Privacy and Cookie Policy"},"content":{"rendered":"\t\t<div data-elementor-type=\"wp-post\" data-elementor-id=\"1762\" class=\"elementor elementor-1762 elementor-bc-flex-widget\">\n\t\t\t\t\t\t<section class=\"elementor-section elementor-top-section elementor-element elementor-element-4b7d8f9 elementor-section-boxed elementor-section-height-default elementor-section-height-default\" data-id=\"4b7d8f9\" data-element_type=\"section\" data-e-type=\"section\">\n\t\t\t\t\t\t<div class=\"elementor-container elementor-column-gap-default\">\n\t\t\t\t\t<div class=\"elementor-column elementor-col-100 elementor-top-column elementor-element elementor-element-dc372bd\" data-id=\"dc372bd\" data-element_type=\"column\" data-e-type=\"column\">\n\t\t\t<div class=\"elementor-widget-wrap elementor-element-populated\">\n\t\t\t\t\t\t<div class=\"elementor-element elementor-element-ab1ee87 elementor-widget elementor-widget-html\" data-id=\"ab1ee87\" data-element_type=\"widget\" data-e-type=\"widget\" data-widget_type=\"html.default\">\n\t\t\t\t<div class=\"elementor-widget-container\">\n\t\t\t\t\t<div style=\"text-align:justify\"><div id=\"node-8446\" class=\"node node-pagine-generiche clearfix\">\r\n<div class=\"content\">\r\n    <div class=\"field field-name-body field-type-text-with-summary field-label-hidden\"><div class=\"field-items\"><div class=\"field-item even\"><p>La presente Privacy Policy \u00e8 resa nel rispetto dell\u2019articolo 13 del GDPR 2016\/679 (General Data Protection Regulation, Regolamento europeo in materia di protezione dei dati personali), della Raccomandazione n. 2\/2001 del Gruppo di lavoro ex art. 29 e del Provvedimento generale del Garante Privacy in materia di cookie dell\u20198 maggio 2014, n. 229.<\/p>\r\n\r\n<h2>Finalit\u00e0 e trattamento dei dati<\/h2>\r\n\r\n<p>In questa sezione sono contenute le informazioni relative alle modalit\u00e0 di gestione del CNR in riferimento al trattamento dei dati degli utenti di www.cnr.it.<\/p>\r\n\r\n<p>La presente informativa \u00e8 resa solo per il sito del Dipartimento di Ingegneria, ICT e Tecnologie per l'Energia e i Trasporti (www.diitet.cnr.it) e non anche per altri siti web eventualmente raggiunti dall'utente tramite link.<\/p>\r\n\r\n<p>Alcune pagine possono richiedere dati personali: si informa che il loro mancato conferimento pu\u00f2 comportare l\u2019impossibilit\u00e0 di raggiungere le finalit\u00e0 cui il trattamento \u00e8 connesso.<\/p>\r\n\r\n<p>Ai sensi dell'art. 13 del Regolamento UE 2016\/679, si informa che il trattamento dei dati personali effettuato tramite www.diitet.cnr.it attiene esclusivamente ai dati personali acquisiti in relazione al raggiungimento dei fini istituzionali dell\u2019Ente, o comunque connessi all\u2019esercizio dei compiti di interesse pubblico e all\u2019esercizio di pubblici poteri cui \u00e8 chiamato, incluse le finalit\u00e0 di ricerca scientifica ed analisi per scopi statistici, di didattica e di amministrazione, ai sensi dell\u2019art. 6, comma 1, lett. e) e, in particolare, al fine di fornire e migliorare i servizi web offerti.<\/p>\r\n\r\n<p>Tali dati personali sono trattati in modo lecito, corretto, pertinente, limitato a quanto necessario al raggiungimento delle finalit\u00e0 del trattamento, per il solo tempo necessario a conseguire gli scopi per cui sono stati raccolti e comunque in conformit\u00e0 ai principi indicati nell\u2019art. 5 del Regolamento UE 2016\/679.<\/p>\r\n\r\n<p>Specifiche misure di sicurezza sono osservate per prevenire la perdita dei dati, usi illeciti o non corretti ed accessi non autorizzati.<\/p>\r\n\r\n<h2>Diritti degli interessati<\/h2>\r\n\r\n<p>Gli interessati hanno il diritto di chiedere al titolare del trattamento l'accesso ai dati personali e la rettifica o la cancellazione degli stessi o la limitazione del trattamento che li riguarda o di opporsi al trattamento secondo quanto previsto dagli art. 15 e ss. del Regolamento UE 2016\/679.<\/p>\r\n\r\n<p>L\u2019interessato ha diritto di presentare la propria istanza al Titolare del trattamento dati. Le istanze dovranno essere indirizzate a: <a href=\"mailto:direttore.ufficiostampa@cnr.it\" >direttore.ufficiostampa@cnr.it<\/a>.<\/p>\r\n\r\n<p>Agli interessati, ricorrendone i presupposti, \u00e8 riconosciuto altres\u00ec il diritto di proporre reclamo al Garante quale autorit\u00e0 di controllo.<\/p>\r\n\r\n<p>Ai sensi del Reg. 2016\/679, il Titolare del trattamento dati \u00e8 il CNR \u2013 Consiglio nazionale delle ricerche con sede legale a Roma, Piazzale Aldo Moro 7, 00185 Roma, Italia.<\/p>\r\n\r\n<p>Ai sensi del Reg. 2016\/679, Responsabile del trattamento dei dati personali effettuato tramite www.diitet.cnr.it \u00e8 il Direttore di Dipartimento, Ing. Emilio Fortunato Campana, contattabile al seguente indirizzo email:<a href=\"mailto:segreteria.diitet@cnr.it\"> segreteria.diitet@cnr.it<\/a>.<\/p>\r\n\r\n<p>Ai sensi degli artt. 37 e ss. del predetto Regolamento relativo alla protezione delle persone fisiche con riguardo al trattamento dei dati, il CNR con <a href=\"http:\/\/www.urp.cnr.it\/copertine\/ente\/ente_normativa\/ordinamento\/2018\/046.pdf\" target=\"_blank\">provvedimento 46\/2018 del 21\/05\/2018<\/a>&nbsp;ha designato il Responsabile per la Protezione dei Dati (RPD o DPO), email:&nbsp;<a href=\"mailto:rpd@cnr.it\" target=\"_blank\">rpd@cnr.it<\/a>.<\/p>\r\n\r\n<h2>Informazioni di contatto<\/h2>\r\n\r\n<p>Responsabile per la Protezione dei Dati (RPD o DPO):&nbsp;<a href=\"mailto:rpd@cnr.it\" target=\"_blank\">rpd@cnr.it<\/a><\/p>\r\n\r\n<p>Responsabile del Trattamento dei Dati personali:&nbsp;<a href=\"mailto:segreteria.diitet@cnr.it\"> segreteria.diitet@cnr.it<\/a><\/p>\r\n\r\n<p>Riferimenti del Garante per la protezione dei dati personali:&nbsp;<a href=\"https:\/\/www.garanteprivacy.it\/\" target=\"_blank\">https:\/\/www.garanteprivacy.it<\/a><\/p>\r\n\r\n<h2>Cookie<\/h2>\r\n\r\n<p>I Cookie sono costituiti da porzioni di codice installate all'interno del browser che assistono il Titolare nell\u2019erogazione del servizio in base alle finalit\u00e0 descritte. Alcune delle finalit\u00e0 di installazione dei Cookie potrebbero, inoltre, necessitare del consenso dell'Utente.<\/p>\r\n\r\n<p>Qualora fra gli strumenti indicati in seguito fossero presenti servizi gestiti da terzi, questi potrebbero \u2013 in aggiunta a quanto specificato ed anche all\u2019insaputa del Titolare \u2013 compiere attivit\u00e0 di tracciamento dell\u2019Utente. Per informazioni dettagliate in merito, si consiglia di consultare le privacy policy dei servizi elencati.<\/p>\r\n\r\n<p>Questo Sito utilizza Cookie tecnici per salvare la sessione dell'Utente e per svolgere altre attivit\u00e0 strettamente necessarie al funzionamento dello stesso. Per la loro installazione non \u00e8 richiesto il preventivo consenso degli utenti.<\/p>\r\n\r\n<p>L\u2019utente pu\u00f2 bloccare o limitare la ricezione di cookies attraverso le opzioni del proprio browser. Tramite le preferenze del browser \u00e8 inoltre possibile eliminare i Cookie installati in passato, incluso il Cookie in cui venga eventualmente salvato il consenso all'installazione di Cookie da parte di questo sito. Tuttavia, disabilitando completamente i cookie nel browser potrebbe non essere possibile utilizzare tutte le nostre funzionalit\u00e0 interattive.<\/p>\r\n\r\n<p>Alcuni dei servizi elencati di seguito raccolgono statistiche in forma aggregata e potrebbero non richiedere il consenso dell'Utente o potrebbero essere gestiti direttamente dal Titolare \u2013 a seconda di quanto descritto \u2013 senza l'ausilio di terzi.<\/p>\r\n\r\n<h2>Cookie di terze parti<\/h2>\r\n\r\n<h3>Google Analytics (Google Inc.)<\/h3>\r\n\r\n<p>Google Analytics \u00e8 un servizio di analisi web fornito da Google Inc. (\u201cGoogle\u201d). Google utilizza i Dati Personali raccolti allo scopo di tracciare ed esaminare l\u2019utilizzo di questo Sito, compilare report e condividerli con gli altri servizi sviluppati da Google. Google potrebbe utilizzare i Dati Personali per contestualizzare e personalizzare gli annunci del proprio network pubblicitario.<\/p>\r\n\r\n<p>Dati personali raccolti: Cookie e Dati di utilizzo.<\/p>\r\n\r\n<p>Luogo del trattamento: USA<\/p>\r\n\r\n<p><a href=\"http:\/\/www.google.com\/intl\/it\/policies\/privacy\/\" target=\"_blank\">Privacy policy di Google<\/a><\/p>\r\n\r\n<p><a href=\"https:\/\/support.google.com\/analytics\/answer\/181881?hl=it\" target=\"_blank\">Componente aggiuntivo del browser per la disattivazione di Google Analytics<\/a><\/p>\r\n<\/div><\/div><\/div><\/div>\r\n<\/div>\r\n\r\n<\/div>\t\t\t\t<\/div>\n\t\t\t\t<\/div>\n\t\t\t\t\t<\/div>\n\t\t<\/div>\n\t\t\t\t\t<\/div>\n\t\t<\/section>\n\t\t\t\t<\/div>\n\t\t","protected":false},"excerpt":{"rendered":"<p>N.B. This content has not yet been translated. What you\u2019re seeing is the content in the original language. La presente Privacy Policy \u00e8 resa nel rispetto dell\u2019articolo 13 del GDPR 2016\/679 (General Data Protection Regulation, Regolamento europeo in materia di protezione dei dati personali), della Raccomandazione n. 2\/2001 del Gruppo &hellip;<\/p>\n","protected":false},"author":1,"featured_media":0,"parent":0,"menu_order":0,"comment_status":"closed","ping_status":"closed","template":"","meta":{"footnotes":""},"class_list":["post-1762","page","type-page","status-publish","hentry"],"yoast_head":"<!-- This site is optimized with the Yoast SEO plugin v27.4 - https:\/\/yoast.com\/product\/yoast-seo-wordpress\/ -->\n<title>Privacy and Cookie Policy - Engineering, ICT and Technologies for Energy and Transportation Department<\/title>\n<meta name=\"robots\" content=\"index, follow, max-snippet:-1, max-image-preview:large, max-video-preview:-1\" \/>\n<link rel=\"canonical\" href=\"https:\/\/www.diitet.cnr.it\/privacy-e-cookie-policy\/\" \/>\n<meta property=\"og:locale\" content=\"en_US\" \/>\n<meta property=\"og:type\" content=\"article\" \/>\n<meta property=\"og:title\" content=\"Privacy and Cookie Policy - Engineering, ICT and Technologies for Energy and Transportation Department\" \/>\n<meta property=\"og:description\" content=\"N.B. This content has not yet been translated. What you\u2019re seeing is the content in the original language. La presente Privacy Policy \u00e8 resa nel rispetto dell\u2019articolo 13 del GDPR 2016\/679 (General Data Protection Regulation, Regolamento europeo in materia di protezione dei dati personali), della Raccomandazione n. 2\/2001 del Gruppo &hellip;\" \/>\n<meta property=\"og:url\" content=\"https:\/\/www.diitet.cnr.it\/privacy-e-cookie-policy\/\" \/>\n<meta property=\"og:site_name\" content=\"Engineering, ICT and Technologies for Energy and Transportation Department\" \/>\n<meta property=\"article:publisher\" content=\"https:\/\/www.facebook.com\/CNR-Diitet-346662776118715\/\" \/>\n<meta property=\"article:modified_time\" content=\"2018-12-20T15:07:38+00:00\" \/>\n<meta name=\"twitter:card\" content=\"summary_large_image\" \/>\n<meta name=\"twitter:site\" content=\"@CNR_DIITET\" \/>\n<meta name=\"twitter:label1\" content=\"Est. reading time\" \/>\n\t<meta name=\"twitter:data1\" content=\"4 minutes\" \/>\n<script type=\"application\/ld+json\" class=\"yoast-schema-graph\">{\"@context\":\"https:\\\/\\\/schema.org\",\"@graph\":[{\"@type\":\"WebPage\",\"@id\":\"https:\\\/\\\/www.diitet.cnr.it\\\/privacy-e-cookie-policy\\\/\",\"url\":\"https:\\\/\\\/www.diitet.cnr.it\\\/privacy-e-cookie-policy\\\/\",\"name\":\"Privacy and Cookie Policy - Engineering, ICT and Technologies for Energy and Transportation Department\",\"isPartOf\":{\"@id\":\"https:\\\/\\\/www.diitet.cnr.it\\\/#website\"},\"datePublished\":\"2018-10-31T11:22:18+00:00\",\"dateModified\":\"2018-12-20T15:07:38+00:00\",\"breadcrumb\":{\"@id\":\"https:\\\/\\\/www.diitet.cnr.it\\\/privacy-e-cookie-policy\\\/#breadcrumb\"},\"inLanguage\":\"en-US\",\"potentialAction\":[{\"@type\":\"ReadAction\",\"target\":[\"https:\\\/\\\/www.diitet.cnr.it\\\/privacy-e-cookie-policy\\\/\"]}]},{\"@type\":\"BreadcrumbList\",\"@id\":\"https:\\\/\\\/www.diitet.cnr.it\\\/privacy-e-cookie-policy\\\/#breadcrumb\",\"itemListElement\":[{\"@type\":\"ListItem\",\"position\":1,\"name\":\"Home\",\"item\":\"https:\\\/\\\/www.diitet.cnr.it\\\/\"},{\"@type\":\"ListItem\",\"position\":2,\"name\":\"Privacy e Cookie Policy\"}]},{\"@type\":\"WebSite\",\"@id\":\"https:\\\/\\\/www.diitet.cnr.it\\\/#website\",\"url\":\"https:\\\/\\\/www.diitet.cnr.it\\\/\",\"name\":\"Dipartimento di Ingegneria, ICT e Tecnologie per l'Energia e i Trasporti\",\"description\":\"\",\"publisher\":{\"@id\":\"https:\\\/\\\/www.diitet.cnr.it\\\/#organization\"},\"potentialAction\":[{\"@type\":\"SearchAction\",\"target\":{\"@type\":\"EntryPoint\",\"urlTemplate\":\"https:\\\/\\\/www.diitet.cnr.it\\\/?s={search_term_string}\"},\"query-input\":{\"@type\":\"PropertyValueSpecification\",\"valueRequired\":true,\"valueName\":\"search_term_string\"}}],\"inLanguage\":\"en-US\"},{\"@type\":\"Organization\",\"@id\":\"https:\\\/\\\/www.diitet.cnr.it\\\/#organization\",\"name\":\"Dipartimento di Ingegneria, ICT e Tecnologie per l'Energia e i Trasporti\",\"url\":\"https:\\\/\\\/www.diitet.cnr.it\\\/\",\"logo\":{\"@type\":\"ImageObject\",\"inLanguage\":\"en-US\",\"@id\":\"https:\\\/\\\/www.diitet.cnr.it\\\/#\\\/schema\\\/logo\\\/image\\\/\",\"url\":\"http:\\\/\\\/www.diitet.cnr.it\\\/wp-content\\\/uploads\\\/2018\\\/10\\\/logo2-low-png.png\",\"contentUrl\":\"http:\\\/\\\/www.diitet.cnr.it\\\/wp-content\\\/uploads\\\/2018\\\/10\\\/logo2-low-png.png\",\"width\":356,\"height\":141,\"caption\":\"Dipartimento di Ingegneria, ICT e Tecnologie per l'Energia e i Trasporti\"},\"image\":{\"@id\":\"https:\\\/\\\/www.diitet.cnr.it\\\/#\\\/schema\\\/logo\\\/image\\\/\"},\"sameAs\":[\"https:\\\/\\\/www.facebook.com\\\/CNR-Diitet-346662776118715\\\/\",\"https:\\\/\\\/x.com\\\/CNR_DIITET\",\"https:\\\/\\\/www.instagram.com\\\/cnr_diitet\\\/\",\"https:\\\/\\\/www.youtube.com\\\/results?search_query=diitet\"]}]}<\/script>\n<!-- \/ Yoast SEO plugin. -->","yoast_head_json":{"title":"Privacy and Cookie Policy - Engineering, ICT and Technologies for Energy and Transportation Department","robots":{"index":"index","follow":"follow","max-snippet":"max-snippet:-1","max-image-preview":"max-image-preview:large","max-video-preview":"max-video-preview:-1"},"canonical":"https:\/\/www.diitet.cnr.it\/privacy-e-cookie-policy\/","og_locale":"en_US","og_type":"article","og_title":"Privacy and Cookie Policy - Engineering, ICT and Technologies for Energy and Transportation Department","og_description":"N.B. This content has not yet been translated. What you\u2019re seeing is the content in the original language. La presente Privacy Policy \u00e8 resa nel rispetto dell\u2019articolo 13 del GDPR 2016\/679 (General Data Protection Regulation, Regolamento europeo in materia di protezione dei dati personali), della Raccomandazione n. 2\/2001 del Gruppo &hellip;","og_url":"https:\/\/www.diitet.cnr.it\/privacy-e-cookie-policy\/","og_site_name":"Engineering, ICT and Technologies for Energy and Transportation Department","article_publisher":"https:\/\/www.facebook.com\/CNR-Diitet-346662776118715\/","article_modified_time":"2018-12-20T15:07:38+00:00","twitter_card":"summary_large_image","twitter_site":"@CNR_DIITET","twitter_misc":{"Est. reading time":"4 minutes"},"schema":{"@context":"https:\/\/schema.org","@graph":[{"@type":"WebPage","@id":"https:\/\/www.diitet.cnr.it\/privacy-e-cookie-policy\/","url":"https:\/\/www.diitet.cnr.it\/privacy-e-cookie-policy\/","name":"Privacy and Cookie Policy - Engineering, ICT and Technologies for Energy and Transportation Department","isPartOf":{"@id":"https:\/\/www.diitet.cnr.it\/#website"},"datePublished":"2018-10-31T11:22:18+00:00","dateModified":"2018-12-20T15:07:38+00:00","breadcrumb":{"@id":"https:\/\/www.diitet.cnr.it\/privacy-e-cookie-policy\/#breadcrumb"},"inLanguage":"en-US","potentialAction":[{"@type":"ReadAction","target":["https:\/\/www.diitet.cnr.it\/privacy-e-cookie-policy\/"]}]},{"@type":"BreadcrumbList","@id":"https:\/\/www.diitet.cnr.it\/privacy-e-cookie-policy\/#breadcrumb","itemListElement":[{"@type":"ListItem","position":1,"name":"Home","item":"https:\/\/www.diitet.cnr.it\/"},{"@type":"ListItem","position":2,"name":"Privacy e Cookie Policy"}]},{"@type":"WebSite","@id":"https:\/\/www.diitet.cnr.it\/#website","url":"https:\/\/www.diitet.cnr.it\/","name":"Dipartimento di Ingegneria, ICT e Tecnologie per l'Energia e i Trasporti","description":"","publisher":{"@id":"https:\/\/www.diitet.cnr.it\/#organization"},"potentialAction":[{"@type":"SearchAction","target":{"@type":"EntryPoint","urlTemplate":"https:\/\/www.diitet.cnr.it\/?s={search_term_string}"},"query-input":{"@type":"PropertyValueSpecification","valueRequired":true,"valueName":"search_term_string"}}],"inLanguage":"en-US"},{"@type":"Organization","@id":"https:\/\/www.diitet.cnr.it\/#organization","name":"Dipartimento di Ingegneria, ICT e Tecnologie per l'Energia e i Trasporti","url":"https:\/\/www.diitet.cnr.it\/","logo":{"@type":"ImageObject","inLanguage":"en-US","@id":"https:\/\/www.diitet.cnr.it\/#\/schema\/logo\/image\/","url":"http:\/\/www.diitet.cnr.it\/wp-content\/uploads\/2018\/10\/logo2-low-png.png","contentUrl":"http:\/\/www.diitet.cnr.it\/wp-content\/uploads\/2018\/10\/logo2-low-png.png","width":356,"height":141,"caption":"Dipartimento di Ingegneria, ICT e Tecnologie per l'Energia e i Trasporti"},"image":{"@id":"https:\/\/www.diitet.cnr.it\/#\/schema\/logo\/image\/"},"sameAs":["https:\/\/www.facebook.com\/CNR-Diitet-346662776118715\/","https:\/\/x.com\/CNR_DIITET","https:\/\/www.instagram.com\/cnr_diitet\/","https:\/\/www.youtube.com\/results?search_query=diitet"]}]}},"_links":{"self":[{"href":"https:\/\/www.diitet.cnr.it\/en\/wp-json\/wp\/v2\/pages\/1762","targetHints":{"allow":["GET"]}}],"collection":[{"href":"https:\/\/www.diitet.cnr.it\/en\/wp-json\/wp\/v2\/pages"}],"about":[{"href":"https:\/\/www.diitet.cnr.it\/en\/wp-json\/wp\/v2\/types\/page"}],"author":[{"embeddable":true,"href":"https:\/\/www.diitet.cnr.it\/en\/wp-json\/wp\/v2\/users\/1"}],"replies":[{"embeddable":true,"href":"https:\/\/www.diitet.cnr.it\/en\/wp-json\/wp\/v2\/comments?post=1762"}],"version-history":[{"count":13,"href":"https:\/\/www.diitet.cnr.it\/en\/wp-json\/wp\/v2\/pages\/1762\/revisions"}],"predecessor-version":[{"id":3587,"href":"https:\/\/www.diitet.cnr.it\/en\/wp-json\/wp\/v2\/pages\/1762\/revisions\/3587"}],"wp:attachment":[{"href":"https:\/\/www.diitet.cnr.it\/en\/wp-json\/wp\/v2\/media?parent=1762"}],"curies":[{"name":"wp","href":"https:\/\/api.w.org\/{rel}","templated":true}]}}